{"id":378,"date":"2020-06-23T08:12:47","date_gmt":"2020-06-23T08:12:47","guid":{"rendered":"https:\/\/electriciencourbevoie.fr\/?page_id=378"},"modified":"2020-07-02T07:37:33","modified_gmt":"2020-07-02T07:37:33","slug":"tarifs","status":"publish","type":"page","link":"https:\/\/electriciencourbevoie.fr\/?page_id=378","title":{"rendered":"Tarifs"},"content":{"rendered":"<h1 style=\"text-align: center;\">Electricien Courbevoie Tarifs et Prix \u2013 Arti Pro<\/h1>\n<p style=\"text-align: center;\">Du Lundi au Vendredi de 8h00 \u00e0 18h00 &#8211; <strong><a href=\"https:\/\/electriciencourbevoie.fr\/\">\u00c9lectricien Courbevoie<\/a><\/strong><\/p>\n<h2 style=\"text-align: center;\">Tarifs ttc des d\u00e9pannages (tva 10 % comprise pour le particulier ).<\/h2>\n<p style=\"text-align: center;\">Le Devis est gratuit sur rendez-vous au 01 40 50 26 26<br \/>\nD\u00e9placement Sur Paris et sa banlieue \u2013 45 \u20ac ttc*<br \/>\nRecherche de pannes \u00e9lectriques \u2013 \u00e0 partir de 70 \u20ac ttc*<br \/>\nR\u00e9parations \u00e9lectriques \u2013 \u00e0 partir de 70 \u20ac ttc*<\/p>\n<p style=\"text-align: center;\"><em><strong>* Les prix de pose indiqu\u00e9s comprennent uniquement la pose du produit concern\u00e9. Tous travaux compl\u00e9mentaires n\u00e9cessaires \u00e0 la bonne r\u00e9alisation du d\u00e9pannage, ou tout ajustement du produit \u00e0 son support feront l\u2019objet d\u2019une plus-value sur votre devis.<\/strong><\/em><\/p>\n<p>&nbsp;<\/p>\n<h2 style=\"text-align: justify;\">Trouver un \u00e9lectricien \u00e0 Courbevoie<\/h2>\n<p style=\"text-align: justify;\">Que ce soit pour des travaux \u00e0 domicile ou dans une entreprise, vous aurez besoin de prendre le temps de choisir un \u00e9lectricien \u00e0 Courbevoie. En effet, les travaux permettant d\u2019optimiser les installations \u00e9lectriques de b\u00e2timents n\u00e9cessitent l\u2019intervention d\u2019un professionnel. Mais vous aurez besoin d\u2019accorder votre confiance aux bonnes personnes si vous souhaitez b\u00e9n\u00e9ficier de travaux haut de gamme avec un prix abordable.<\/p>\n<p style=\"text-align: justify;\">Notre entreprise s\u2019investi jour apr\u00e8s jour pour r\u00e9pondre aux besoins des diff\u00e9rents clients \u00e0 Courbevoie. En effet, nos \u00e9lectriciens prennent le temps de vous aider \u00e0 trouver des solutions parfaitement adapt\u00e9es \u00e0 votre situation en \u00e9changeant avec vous autant que n\u00e9cessaire.<\/p>\n<p style=\"text-align: justify;\">Nous vous avons pr\u00e9par\u00e9 une pr\u00e9sentation pour vous aider \u00e0 y voir plus clair et \u00e0 identifier les diff\u00e9rentes prestations propos\u00e9es par nos experts. Alors n\u2019attendez plus pour pr\u00e9parer votre nouveau projet en nous contactant pour faire \u00e9quipe d\u00e8s aujourd\u2019hui.<\/p>\n<h2 style=\"text-align: justify;\">Pourquoi faire appel \u00e0 un \u00e9lectricien \u00e0 Courbevoie\u00a0?<\/h2>\n<p style=\"text-align: justify;\">Lorsque l\u2019on vous parle de travaux, vous pensez tr\u00e8s certainement aux devis importants, au budget \u00e0 pr\u00e9voir et vous souhaitez r\u00e9duire la facture autant que possible. Cela est tout \u00e0 fait normal mais en ce qui concerne l\u2019\u00e9lectricit\u00e9, il est fortement d\u00e9conseill\u00e9 de vous lancer seul dans cette aventure. Manipuler des installations \u00e9lectriques peut rapidement devenir dangereux pour votre sant\u00e9 et mettre en p\u00e9ril vos installations. Il n\u2019est pas toujours facile de respecter les normes d\u2019installation lorsque vous n\u2019avez pas de connaissances professionnelles.<\/p>\n<p style=\"text-align: justify;\">Faire des \u00e9conomies n\u2019est donc pas toujours la solution la plus judicieuse et vous risquez fortement d\u2019augmenter la facture en essayant de r\u00e9aliser les travaux avec vos connaissances. En effet, il faudra rapidement contacter un professionnel \u00e0 Courbevoie pour r\u00e9parer vos erreurs et faire les travaux dont vous avez besoins.<\/p>\n<p style=\"text-align: justify;\">Nos \u00e9quipes ont conscience de tout cela et nous veillons \u00e0 garder des prix abordables pour chaque prestation tout en proposant un travail de haute qualit\u00e9. Nos professionnels ne se contentent pas d\u2019intervenir chez vous pour r\u00e9aliser des travaux concernant vos installations \u00e9lectriques, mais vous pourrez \u00e9galement profiter d\u2019une \u00e9coute et de conseils pour vous aider dans chaque d\u00e9marche.<\/p>\n<p style=\"text-align: justify;\">Mais connaissez-vous les diff\u00e9rentes prestations que nous vous proposons \u00e0 Courbevoie\u00a0? Nous vous avons pr\u00e9par\u00e9 quelques explications \u00e0 ce sujet afin de vous aider \u00e0 voir la polyvalence de nos experts.<\/p>\n<h2 style=\"text-align: justify;\">Les prestations prises en charge par un \u00e9lectricien professionnel<\/h2>\n<p style=\"text-align: justify;\">En effet, vous avez tr\u00e8s certainement envie de connaitre les diff\u00e9rents travaux que nous pouvons vous aider \u00e0 r\u00e9aliser. Vous pensez certainement qu\u2019un professionnel interviendra uniquement pour vous aider \u00e0 r\u00e9aliser des travaux de r\u00e9novation car cela concerne une importante prestation avec une modification importante de vos branchements.<\/p>\n<p style=\"text-align: justify;\">Mais nos experts se tiennent disponibles \u00e0 Courbevoie pour chaque client souhaitant effectuer des modifications \u00e0 domicile ou dans les locaux d\u2019une entreprise.\u00a0 Vous pouvez tout \u00e0 fait nous contacter pour recevoir de l\u2019aide concernant la mise en place de nouvelles prises dans certaines pi\u00e8ces. Mais nos \u00e9lectriciens vont \u00e9galement vous aider \u00e0 r\u00e9aliser des travaux concernant des appareils.<\/p>\n<p style=\"text-align: justify;\">Par exemple, vous pouvez recevoir de l\u2019aide pour l\u2019installation d\u2019un \u00e9cran plat, d\u2019un lave-vaisselle, d\u2019une machine \u00e0 lav\u00e9e, de cam\u00e9ras de surveillance, ou encore d\u2019un jacuzzi dans votre jardin. Cela vous permettra d\u2019obtenir un c\u00e2blage adapt\u00e9 \u00e0 vos besoins.<\/p>\n<p style=\"text-align: justify;\">Si vous avez besoin de b\u00e9n\u00e9ficier de diverses modifications concernant votre installation de r\u00e9seau connectique ou t\u00e9l\u00e9phonique, vous pouvez \u00e9galement faire appel \u00e0 nos \u00e9lectriciens \u00e0 Courbevoie. Nous prenons en charge des missions plus ou moins importantes afin de vous aider \u00e0 obtenir des branchements fiables et durables tout en restant en parfaite s\u00e9curit\u00e9.<\/p>\n<p style=\"text-align: justify;\">Mais nos \u00e9quipes prendront \u00e9galement le temps de vous aider \u00e0 vous lancer dans des travaux importants de r\u00e9novation si vous cherchez \u00e0 modifier enti\u00e8rement votre domicile. Vous aurez la visite d\u2019un expert qui viendra effectuer des v\u00e9rifications afin d\u2019\u00e9tudier votre demande par rapport aux installations d\u00e9j\u00e0 en place. Il prendra le temps de vous conseiller et de vous guider pour optimiser votre installation.<\/p>\n<p style=\"text-align: justify;\">Et si vous avez une panne d\u2019\u00e9lectricit\u00e9, nous trouverons toujours un expert disponible \u00e0 Courbevoie pour intervenir rapidement chez vous et vous venir en aide. Il vous suffira de couper le courant en attendant notre arriv\u00e9e.<\/p>\n<h2 style=\"text-align: justify;\">Une intervention \u00e0 domicile dans les diff\u00e9rents quartiers de Courbevoie<\/h2>\n<p style=\"text-align: justify;\">Pour profiter de la disponibilit\u00e9 de votre professionnel en \u00e9lectricit\u00e9, vous avez certainement envie de connaitre les quartiers dans lesquels nous intervenons \u00e0 Courbevoie. N\u2019ayez pas d\u2019inqui\u00e9tude, nos \u00e9quipes prennent en charge les diff\u00e9rentes zones de Courbevoie. <strong>Le c\u0153ur de ville, Faubourg de l\u2019Arche, B\u00e9con et Gambetta,<\/strong> nous ne faisons pas d\u2019exception\u00a0!<\/p>\n<p style=\"text-align: justify;\">Nous veillons \u00e0 toujours garder du temps pour intervenir dans les diff\u00e9rents quartiers de Courbevoie en cas d\u2019urgence comme une panne d\u2019\u00e9lectricit\u00e9 par exemple. Notre disponibilit\u00e9 dans cette zone nous permet \u00e9galement de prendre en charge de nombreux projets plus ou moins important.<\/p>\n<p style=\"text-align: justify;\">Il est primordial pour vous de d\u00e9couvrir des professionnels disponibles dans votre r\u00e9gion et plus pr\u00e9cis\u00e9ment dans votre quartier pour vous assurer de ne jamais avoir de mauvaise surprise en nous contactant. Lorsque vous nous pr\u00e9senterez votre projet, nous organiserons un rendez-vous \u00e0 Courbevoie pour voir vos installations. Cela permettra \u00e0 l\u2019expert de vous donner des conseils et de finir la mise en place de vos projets en proposant des prestations parfaitement adapt\u00e9es \u00e0 votre int\u00e9rieur ou ext\u00e9rieur.<\/p>\n<p style=\"text-align: justify;\">Le fait de choisir un professionnel disponible dans les diff\u00e9rents quartiers de Courbevoie vous permettra de trouver des disponibilit\u00e9s facilement sans compter un d\u00e9lai de d\u00e9placement important ou un refus de nos professionnels \u00e0 cause de la distance par exemple. Nous veillons donc \u00e0 vous fournir le meilleur service sans oublier l\u2019importance de vous aider \u00e0 ne pas perdre de temps pour voir la r\u00e9alisation de vos travaux d\u2019\u00e9lectricit\u00e9.<\/p>\n<h2 style=\"text-align: justify;\">Un savoir-faire professionnel \u00e0 Courbevoie<\/h2>\n<p style=\"text-align: justify;\">Notre entreprise regroupe plusieurs \u00e9lectriciens qualifi\u00e9s dont le m\u00e9tier est une v\u00e9ritable passion. Il ne faut pas oublier que chaque professionnel fait son possible pour vous aider \u00e0 concr\u00e9tiser vos projets. Vous n\u2019aurez donc pas de contact distant avec nos \u00e9quipes, nous tenons \u00e0 nous montrer disponible \u00e0 chaque instant pour vous aider \u00e0 avancer sans perdre de temps.<\/p>\n<p style=\"text-align: justify;\">Nos diff\u00e9rents \u00e9changes nous permettront de cibler vos attentes pour les combler sans d\u00e9tour. En effet, la satisfaction de nos clients est au c\u0153ur de nos actions, nous accordons donc une grande importance au service client en veillant \u00e0 ne pas simplement effectuer des travaux d\u2019\u00e9lectricit\u00e9 de haute qualit\u00e9.<\/p>\n<p style=\"text-align: justify;\">Si vous avez des d\u00e9lais \u00e0 respecter pour certains projets, il ne faudra pas h\u00e9siter \u00e0 nous en faire part. cela nous permettra de voir si nous avons les disponibilit\u00e9s pour nous engager avec vous, ou pour vous conseiller sur les prestations \u00e0 privil\u00e9gier dans un premier temps. Nos \u00e9lectriciens vous guideront et cela vous permettra de comprendre chaque \u00e9tape vous conduisant \u00e0 obtenir les travaux que vous souhaitez.<\/p>\n<p style=\"text-align: justify;\">Si vous habitez \u00e0 Courbevoie et que vous cherchez un professionnel qualifi\u00e9 pour vous venir en aide, n\u2019h\u00e9sitez pas \u00e0 nous contacter d\u00e8s \u00e0 pr\u00e9sent\u00a0! Nous r\u00e9pondrons le plus rapidement possible en discutant de vos besoins pour r\u00e9aliser une prestation sur-mesure dans les plus brefs d\u00e9lais.<\/p>\n<p style=\"text-align: justify;\">Satisfaction, passion et rigueur sont au centre de notre activit\u00e9 et de chaque travail effectu\u00e9 par nos \u00e9lectriciens professionnels. Lancez-vous dans vos modifications d\u2019installations \u00e9lectriques sans attendre\u00a0!<\/p>\n","protected":false},"excerpt":{"rendered":"<p>Electricien Courbevoie Tarifs et Prix \u2013 Arti Pro Du Lundi au Vendredi de 8h00 \u00e0 18h00 &#8211; \u00c9lectricien Courbevoie Tarifs ttc des d\u00e9pannages (tva 10 % comprise pour le particulier ). Le Devis est gratuit sur rendez-vous au 01 40 50 26 26 D\u00e9placement Sur Paris et sa banlieue \u2013 45 \u20ac ttc* Recherche de [&hellip;]<\/p>\n","protected":false},"author":1,"featured_media":0,"parent":0,"menu_order":0,"comment_status":"closed","ping_status":"closed","template":"","meta":{"footnotes":""},"class_list":["post-378","page","type-page","status-publish","hentry"],"yoast_head":"<!-- This site is optimized with the Yoast SEO plugin v16.4 - https:\/\/yoast.com\/wordpress\/plugins\/seo\/ -->\n<title>Tarifs et Prix - Electricien Courbevoie \u2013 Arti Pro 01 40 50 26 26<\/title>\n<meta name=\"description\" content=\"* Les prix de pose indiqu\u00e9s comprennent uniquement la pose du produit concern\u00e9. Tous travaux compl\u00e9mentaires n\u00e9cessaires \u00e0 la bonne r\u00e9alisation du d\u00e9pannage, ou tout ajustement du produit \u00e0 son support feront l\u2019objet d\u2019une plus-value sur votre devis.\" \/>\n<meta name=\"robots\" content=\"index, follow, max-snippet:-1, max-image-preview:large, max-video-preview:-1\" \/>\n<link rel=\"canonical\" href=\"https:\/\/electriciencourbevoie.fr\/?page_id=378\" \/>\n<meta property=\"og:locale\" content=\"fr_FR\" \/>\n<meta property=\"og:type\" content=\"article\" \/>\n<meta property=\"og:title\" content=\"Tarifs et Prix - Electricien Courbevoie \u2013 Arti Pro 01 40 50 26 26\" \/>\n<meta property=\"og:description\" content=\"* Les prix de pose indiqu\u00e9s comprennent uniquement la pose du produit concern\u00e9. Tous travaux compl\u00e9mentaires n\u00e9cessaires \u00e0 la bonne r\u00e9alisation du d\u00e9pannage, ou tout ajustement du produit \u00e0 son support feront l\u2019objet d\u2019une plus-value sur votre devis.\" \/>\n<meta property=\"og:url\" content=\"https:\/\/electriciencourbevoie.fr\/?page_id=378\" \/>\n<meta property=\"og:site_name\" content=\"Electricien Courbevoie\" \/>\n<meta property=\"article:modified_time\" content=\"2020-07-02T07:37:33+00:00\" \/>\n<meta name=\"twitter:card\" content=\"summary_large_image\" \/>\n<meta name=\"twitter:label1\" content=\"Dur\u00e9e de lecture est.\" \/>\n\t<meta name=\"twitter:data1\" content=\"7 minutes\" \/>\n<script type=\"application\/ld+json\" class=\"yoast-schema-graph\">{\"@context\":\"https:\/\/schema.org\",\"@graph\":[{\"@type\":\"WebSite\",\"@id\":\"https:\/\/electriciencourbevoie.fr\/#website\",\"url\":\"https:\/\/electriciencourbevoie.fr\/\",\"name\":\"Electricien Courbevoie\",\"description\":\"Arti Pro\",\"potentialAction\":[{\"@type\":\"SearchAction\",\"target\":\"https:\/\/electriciencourbevoie.fr\/?s={search_term_string}\",\"query-input\":\"required name=search_term_string\"}],\"inLanguage\":\"fr-FR\"},{\"@type\":\"WebPage\",\"@id\":\"https:\/\/electriciencourbevoie.fr\/?page_id=378#webpage\",\"url\":\"https:\/\/electriciencourbevoie.fr\/?page_id=378\",\"name\":\"Tarifs et Prix - Electricien Courbevoie \\u2013 Arti Pro 01 40 50 26 26\",\"isPartOf\":{\"@id\":\"https:\/\/electriciencourbevoie.fr\/#website\"},\"datePublished\":\"2020-06-23T08:12:47+00:00\",\"dateModified\":\"2020-07-02T07:37:33+00:00\",\"description\":\"* Les prix de pose indiqu\\u00e9s comprennent uniquement la pose du produit concern\\u00e9. Tous travaux compl\\u00e9mentaires n\\u00e9cessaires \\u00e0 la bonne r\\u00e9alisation du d\\u00e9pannage, ou tout ajustement du produit \\u00e0 son support feront l\\u2019objet d\\u2019une plus-value sur votre devis.\",\"breadcrumb\":{\"@id\":\"https:\/\/electriciencourbevoie.fr\/?page_id=378#breadcrumb\"},\"inLanguage\":\"fr-FR\",\"potentialAction\":[{\"@type\":\"ReadAction\",\"target\":[\"https:\/\/electriciencourbevoie.fr\/?page_id=378\"]}]},{\"@type\":\"BreadcrumbList\",\"@id\":\"https:\/\/electriciencourbevoie.fr\/?page_id=378#breadcrumb\",\"itemListElement\":[{\"@type\":\"ListItem\",\"position\":1,\"item\":{\"@type\":\"WebPage\",\"@id\":\"https:\/\/electriciencourbevoie.fr\/?page_id=19\",\"url\":\"https:\/\/electriciencourbevoie.fr\/?page_id=19\",\"name\":\"Accueil\"}},{\"@type\":\"ListItem\",\"position\":2,\"item\":{\"@id\":\"https:\/\/electriciencourbevoie.fr\/?page_id=378#webpage\"}}]}]}<\/script>\n<!-- \/ Yoast SEO plugin. -->","amp_enabled":true,"_links":{"self":[{"href":"https:\/\/electriciencourbevoie.fr\/index.php?rest_route=\/wp\/v2\/pages\/378","targetHints":{"allow":["GET"]}}],"collection":[{"href":"https:\/\/electriciencourbevoie.fr\/index.php?rest_route=\/wp\/v2\/pages"}],"about":[{"href":"https:\/\/electriciencourbevoie.fr\/index.php?rest_route=\/wp\/v2\/types\/page"}],"author":[{"embeddable":true,"href":"https:\/\/electriciencourbevoie.fr\/index.php?rest_route=\/wp\/v2\/users\/1"}],"replies":[{"embeddable":true,"href":"https:\/\/electriciencourbevoie.fr\/index.php?rest_route=%2Fwp%2Fv2%2Fcomments&post=378"}],"version-history":[{"count":0,"href":"https:\/\/electriciencourbevoie.fr\/index.php?rest_route=\/wp\/v2\/pages\/378\/revisions"}],"wp:attachment":[{"href":"https:\/\/electriciencourbevoie.fr\/index.php?rest_route=%2Fwp%2Fv2%2Fmedia&parent=378"}],"curies":[{"name":"wp","href":"https:\/\/api.w.org\/{rel}","templated":true}]}}