{"id":133,"date":"2020-06-13T19:53:34","date_gmt":"2020-06-13T19:53:34","guid":{"rendered":"https:\/\/electriciencourbevoie.fr\/?page_id=133"},"modified":"2020-06-23T08:28:14","modified_gmt":"2020-06-23T08:28:14","slug":"installation-electrique","status":"publish","type":"page","link":"https:\/\/electriciencourbevoie.fr\/?page_id=133","title":{"rendered":"Installation \u00e9lectrique"},"content":{"rendered":"<div id='av_section_1'  class='avia-section main_color avia-section-huge avia-no-border-styling  avia-full-stretch avia-bg-style-scroll  avia-builder-el-0  el_before_av_section  avia-builder-el-first   container_wrap sidebar_right' style='background-repeat: no-repeat; background-image: url(https:\/\/electriciencourbevoie.fr\/wp-content\/uploads\/2020\/06\/jtm-services-banner.jpg);background-attachment: scroll; background-position: center center;  '  data-section-bg-repeat='stretch'><div class='container' ><main  role=\"main\" itemprop=\"mainContentOfPage\"  class='template-page content  av-content-small alpha units'><div class='post-entry post-entry-type-page post-entry-133'><div class='entry-content-wrapper clearfix'>\n<div class=\"flex_column av_one_full  flex_column_div av-zero-column-padding first  avia-builder-el-1  avia-builder-el-no-sibling  \" style='border-radius:0px; '><div  style='padding-bottom:10px; margin-top:24px; color:#ffffff;font-size:48px;' class='av-special-heading av-special-heading-h1 custom-color-heading blockquote modern-quote  avia-builder-el-2  avia-builder-el-no-sibling  title_top av-inherit-size '><h1 class='av-special-heading-tag  av-medium-font-size-overwrite av-medium-font-size-44 av-small-font-size-overwrite av-small-font-size-38 av-mini-font-size-overwrite av-mini-font-size-34'  itemprop=\"headline\"  >Besoin d\u2018un devis pour travaux d\u2019installation \u00e9lectrique\u2009?<\/h1><div class='special-heading-border'><div class='special-heading-inner-border' style='border-color:#ffffff'><\/div><\/div><\/div><\/div>\n\n<\/div><\/div><\/main><!-- close content main element --><\/div><\/div><div id='projects'  class='avia-section main_color avia-section-large avia-no-border-styling  avia-bg-style-scroll  avia-builder-el-3  el_after_av_section  avia-builder-el-last  choose_section  container_wrap sidebar_right' style=' '  ><div class='container' ><div class='template-page content  av-content-small alpha units'><div class='post-entry post-entry-type-page post-entry-133'><div class='entry-content-wrapper clearfix'>\n<div class=\"flex_column av_one_full  flex_column_div av-zero-column-padding first  avia-builder-el-4  el_before_av_one_half  avia-builder-el-first  \" style='border-radius:0px; '><p><section class=\"av_textblock_section \"  itemscope=\"itemscope\" itemtype=\"https:\/\/schema.org\/CreativeWork\" ><div class='avia_textblock  '   itemprop=\"text\" ><p><strong><a href=\"https:\/\/electriciencourbevoie.fr\/\">\u00c9lectricien Courbevoie<\/a><\/strong><\/p>\n<\/div><\/section><br \/>\n<div  style='padding-bottom:10px; font-size:22px;' class='av-special-heading av-special-heading-h2  blockquote modern-quote  avia-builder-el-6  el_after_av_textblock  el_before_av_textblock  av-inherit-size '><h2 class='av-special-heading-tag '  itemprop=\"headline\"  >Notre m\u00e9tier d\u2019expert nous oblige parfois \u00e0 faire une intervention d\u2019urgence, en plus d\u2019un d\u00e9pannage sur rendez-vous. \u00c0 Courbevoie, nous faisons des travaux \u00e9lectriques g\u00e9n\u00e9raux sans oublier les r\u00e9alisations plus complexes. Les Courbevoisiens font appel \u00e0 nous pour un raccordement de leurs c\u00e2bles \u00e0 un r\u00e9seau de distribution publique. Notre sp\u00e9cialit\u00e9 nous permet \u00e9galement de faire une installation r\u00e9sidentielle et industrielle. Nous effectuons \u00e9galement la mise en place d\u2019un syst\u00e8me de s\u00e9curit\u00e9 ainsi que la pose d\u2019alarme de feu.<\/h2><div class='special-heading-border'><div class='special-heading-inner-border' ><\/div><\/div><\/div><br \/>\n<section class=\"av_textblock_section \"  itemscope=\"itemscope\" itemtype=\"https:\/\/schema.org\/CreativeWork\" ><div class='avia_textblock  '   itemprop=\"text\" ><p style=\"text-align: justify;\">Nos techniciens disposent de comp\u00e9tences requises pour vous garantir un travail de qualit\u00e9. Faites confiance \u00e0 nos experts pour mettre en marche votre compteur, apr\u00e8s un d\u00e9m\u00e9nagement ou un am\u00e9nagement dans un nouveau local. \u00c0 cela s\u2019ajoutent les bo\u00eetes de panneaux et la maintenance du syst\u00e8me \u00e9lectrique. \u00c0 Gambetta ou \u00e0 B\u00e9con, nos experts interviennent partout dans la ville.<\/p>\n<p style=\"text-align: justify;\">Le titre d\u2019expert nous contraint \u00e0 plusieurs engagements \u00e0 l\u2019exemple de la polyvalence. Comme nous disposons d\u2019assez grande capacit\u00e9 pour intervenir dans le domaine de la domotique, nous d\u00e9pannons le dysfonctionnement li\u00e9 au m\u00e9canisme bloquant de porte et portail ainsi que de volet roulant bloqu\u00e9. Vous avez la liste compl\u00e8te de nos comp\u00e9tences en ajoutant les constructions \u00e9lectriques, la pose des bo\u00eetes de panneaux ainsi pique le c\u00e2blage \u00e0 ces pr\u00e9c\u00e9dentes missions.<\/p>\n<\/div><\/section><\/p><\/div><div class=\"flex_column av_one_half  flex_column_div av-zero-column-padding first  avia-builder-el-8  el_after_av_one_full  el_before_av_one_half  column-top-margin\" style='border-radius:0px; '><div  class='avia-image-container  av-styling- av-hover-grow av-hide-overflow   avia-builder-el-9  avia-builder-el-no-sibling  avia-align-center '  itemprop=\"image\" itemscope=\"itemscope\" itemtype=\"https:\/\/schema.org\/ImageObject\"  ><div class='avia-image-container-inner'><div class='avia-image-overlay-wrap'><img class='avia_image' src='https:\/\/electriciencourbevoie.fr\/wp-content\/uploads\/2020\/06\/electricien_montrouge.jpg' alt='' title='electricien_courbevoie' height=\"418\" width=\"626\"  itemprop=\"thumbnailUrl\"  \/><\/div><\/div><\/div><\/div><div class=\"flex_column av_one_half  flex_column_div av-zero-column-padding   avia-builder-el-10  el_after_av_one_half  el_before_av_one_full  column-top-margin\" style='border-radius:0px; '><div  class='avia-image-container  av-styling- av-hover-grow av-hide-overflow   avia-builder-el-11  avia-builder-el-no-sibling  avia-align-center '  itemprop=\"image\" itemscope=\"itemscope\" itemtype=\"https:\/\/schema.org\/ImageObject\"  ><div class='avia-image-container-inner'><div class='avia-image-overlay-wrap'><img class='avia_image' src='https:\/\/electriciencourbevoie.fr\/wp-content\/uploads\/2020\/06\/electricien_montrouge_prestations.jpg' alt='' title='electricien_courbevoie_prestations' height=\"417\" width=\"626\"  itemprop=\"thumbnailUrl\"  \/><\/div><\/div><\/div><\/div><div class=\"flex_column av_one_full  flex_column_div av-zero-column-padding first  avia-builder-el-12  el_after_av_one_half  avia-builder-el-last  column-top-margin\" style='border-radius:0px; '><section class=\"av_textblock_section \"  itemscope=\"itemscope\" itemtype=\"https:\/\/schema.org\/CreativeWork\" ><div class='avia_textblock  '   itemprop=\"text\" ><h2>Choisir un \u00e9lectricien \u00e0 Courbevoie, les crit\u00e8res\u2009?<\/h2>\n<p style=\"text-align: justify;\">Avant tous travaux \u00e9lectriques, vous devez partir d\u2019une \u00e9tape \u00e0 l\u2019autre et d\u00e9crire vos attentes d\u00e8s le d\u00e9but. Pour avoir un meilleur r\u00e9sultat, listez vos besoins en fonction de votre panne. Prenez ensuite le temps d\u2019\u00e9tablir de crit\u00e8res en mati\u00e8re de qualit\u00e9 et proc\u00e9dez enfin au choix de votre prestataire. Lors de la s\u00e9lection, il suffit de vous baser sur leurs certifications pour avoir un vrai professionnel.<\/p>\n<p style=\"text-align: justify;\">Comme la majorit\u00e9 des artisans ne poss\u00e8de pas la marque de qualit\u00e9 QUALIFELEC, la vigilance est de mise. Il est aussi important de s\u00e9lectionner votre prestataire en fonction de travaux \u00e0 r\u00e9aliser. Dans votre crit\u00e8re, incluez l\u2019\u00e9loignement entre votre maison et le bureau de l\u2019\u00e9lectricien. Notez qu\u2019un expert bas\u00e9 \u00e0 proximit\u00e9 permet de diminuer le temps d\u2019attente et le frais de d\u00e9placement.<\/p>\n<p style=\"text-align: justify;\">Contraignant, le budget des travaux reste toujours difficile \u00e0 g\u00e9rer. Afin d\u2019avoir un r\u00e9sultat correspondant \u00e0 vos attentes, il est important de choisir plusieurs prestataires. Cela consiste \u00e0 demander un devis gratuit \u00e0 tout le monde et de faire la comparaison. Ce document \u00e9tant gratuit, vous pouvez en r\u00e9clamer plusieurs. Cette d\u00e9cision vous permet de faire des \u00e9conomies sur votre budget estimatif.<\/p>\n<p style=\"text-align: justify;\">Apr\u00e8s avoir franchi cette \u00e9tape, vous pouvez opter pour le prestataire qui r\u00e9alise vos travaux. Si vous avez du mal \u00e0 trancher, essayez de vous rapprocher de vos proches ou de vos voisins qui ont d\u00e9j\u00e0 v\u00e9cu la m\u00eame situation. Ils sauront vos guid\u00e9s \u00e0 partir de leur exp\u00e9rience. Lorsque vous vous penchez sur un expert pr\u00e9sent sur la toile, les avis clients vous fournissent tous les approbations dont vous avez besoin.<\/p>\n<\/div><\/section><\/div><\/div><\/div><\/div><!-- close content main div --><\/div><\/div><div id='after_section_2'  class='main_color av_default_container_wrap container_wrap sidebar_right' style=' '  ><div class='container' ><div class='template-page content  av-content-small alpha units'><div class='post-entry post-entry-type-page post-entry-133'><div class='entry-content-wrapper clearfix'>\n","protected":false},"excerpt":{"rendered":"","protected":false},"author":2,"featured_media":0,"parent":0,"menu_order":0,"comment_status":"closed","ping_status":"closed","template":"","meta":{"footnotes":""},"class_list":["post-133","page","type-page","status-publish","hentry"],"yoast_head":"<!-- This site is optimized with the Yoast SEO plugin v16.4 - https:\/\/yoast.com\/wordpress\/plugins\/seo\/ -->\n<title>Installation Electrique \u00e0 Courbevoie - Arti Pro \u00c9lectricit\u00e9 - 01 40 50 26 26<\/title>\n<meta name=\"description\" content=\"Notre m\u00e9tier d\u2019expert nous oblige parfois \u00e0 faire une intervention d\u2019urgence, en plus d\u2019un d\u00e9pannage sur rendez-vous. \u00c0 Courbevoie, nous faisons des travaux \u00e9lectriques g\u00e9n\u00e9raux sans oublier les r\u00e9alisations plus complexes. Les Courbevoisiens font appel \u00e0 nous pour un raccordement de leurs c\u00e2bles \u00e0 un r\u00e9seau de distribution publique. Notre sp\u00e9cialit\u00e9 nous permet \u00e9galement de faire une installation r\u00e9sidentielle et industrielle. Nous effectuons \u00e9galement la mise en place d\u2019un syst\u00e8me de s\u00e9curit\u00e9 ainsi que la pose d\u2019alarme de feu.\" \/>\n<meta name=\"robots\" content=\"index, follow, max-snippet:-1, max-image-preview:large, max-video-preview:-1\" \/>\n<link rel=\"canonical\" href=\"https:\/\/electriciencourbevoie.fr\/?page_id=133\" \/>\n<meta property=\"og:locale\" content=\"fr_FR\" \/>\n<meta property=\"og:type\" content=\"article\" \/>\n<meta property=\"og:title\" content=\"Installation Electrique \u00e0 Courbevoie - Arti Pro \u00c9lectricit\u00e9 - 01 40 50 26 26\" \/>\n<meta property=\"og:description\" content=\"Notre m\u00e9tier d\u2019expert nous oblige parfois \u00e0 faire une intervention d\u2019urgence, en plus d\u2019un d\u00e9pannage sur rendez-vous. \u00c0 Courbevoie, nous faisons des travaux \u00e9lectriques g\u00e9n\u00e9raux sans oublier les r\u00e9alisations plus complexes. Les Courbevoisiens font appel \u00e0 nous pour un raccordement de leurs c\u00e2bles \u00e0 un r\u00e9seau de distribution publique. Notre sp\u00e9cialit\u00e9 nous permet \u00e9galement de faire une installation r\u00e9sidentielle et industrielle. Nous effectuons \u00e9galement la mise en place d\u2019un syst\u00e8me de s\u00e9curit\u00e9 ainsi que la pose d\u2019alarme de feu.\" \/>\n<meta property=\"og:url\" content=\"https:\/\/electriciencourbevoie.fr\/?page_id=133\" \/>\n<meta property=\"og:site_name\" content=\"Electricien Courbevoie\" \/>\n<meta property=\"article:modified_time\" content=\"2020-06-23T08:28:14+00:00\" \/>\n<meta name=\"twitter:card\" content=\"summary_large_image\" \/>\n<meta name=\"twitter:label1\" content=\"Dur\u00e9e de lecture est.\" \/>\n\t<meta name=\"twitter:data1\" content=\"9 minutes\" \/>\n<script type=\"application\/ld+json\" class=\"yoast-schema-graph\">{\"@context\":\"https:\/\/schema.org\",\"@graph\":[{\"@type\":\"WebSite\",\"@id\":\"https:\/\/electriciencourbevoie.fr\/#website\",\"url\":\"https:\/\/electriciencourbevoie.fr\/\",\"name\":\"Electricien Courbevoie\",\"description\":\"Arti Pro\",\"potentialAction\":[{\"@type\":\"SearchAction\",\"target\":\"https:\/\/electriciencourbevoie.fr\/?s={search_term_string}\",\"query-input\":\"required name=search_term_string\"}],\"inLanguage\":\"fr-FR\"},{\"@type\":\"WebPage\",\"@id\":\"https:\/\/electriciencourbevoie.fr\/?page_id=133#webpage\",\"url\":\"https:\/\/electriciencourbevoie.fr\/?page_id=133\",\"name\":\"Installation Electrique \\u00e0 Courbevoie - Arti Pro \\u00c9lectricit\\u00e9 - 01 40 50 26 26\",\"isPartOf\":{\"@id\":\"https:\/\/electriciencourbevoie.fr\/#website\"},\"datePublished\":\"2020-06-13T19:53:34+00:00\",\"dateModified\":\"2020-06-23T08:28:14+00:00\",\"description\":\"Notre m\\u00e9tier d\\u2019expert nous oblige parfois \\u00e0 faire une intervention d\\u2019urgence, en plus d\\u2019un d\\u00e9pannage sur rendez-vous. \\u00c0 Courbevoie, nous faisons des travaux \\u00e9lectriques g\\u00e9n\\u00e9raux sans oublier les r\\u00e9alisations plus complexes. Les Courbevoisiens font appel \\u00e0 nous pour un raccordement de leurs c\\u00e2bles \\u00e0 un r\\u00e9seau de distribution publique. Notre sp\\u00e9cialit\\u00e9 nous permet \\u00e9galement de faire une installation r\\u00e9sidentielle et industrielle. Nous effectuons \\u00e9galement la mise en place d\\u2019un syst\\u00e8me de s\\u00e9curit\\u00e9 ainsi que la pose d\\u2019alarme de feu.\",\"breadcrumb\":{\"@id\":\"https:\/\/electriciencourbevoie.fr\/?page_id=133#breadcrumb\"},\"inLanguage\":\"fr-FR\",\"potentialAction\":[{\"@type\":\"ReadAction\",\"target\":[\"https:\/\/electriciencourbevoie.fr\/?page_id=133\"]}]},{\"@type\":\"BreadcrumbList\",\"@id\":\"https:\/\/electriciencourbevoie.fr\/?page_id=133#breadcrumb\",\"itemListElement\":[{\"@type\":\"ListItem\",\"position\":1,\"item\":{\"@type\":\"WebPage\",\"@id\":\"https:\/\/electriciencourbevoie.fr\/?page_id=19\",\"url\":\"https:\/\/electriciencourbevoie.fr\/?page_id=19\",\"name\":\"Accueil\"}},{\"@type\":\"ListItem\",\"position\":2,\"item\":{\"@id\":\"https:\/\/electriciencourbevoie.fr\/?page_id=133#webpage\"}}]}]}<\/script>\n<!-- \/ Yoast SEO plugin. -->","amp_enabled":true,"_links":{"self":[{"href":"https:\/\/electriciencourbevoie.fr\/index.php?rest_route=\/wp\/v2\/pages\/133","targetHints":{"allow":["GET"]}}],"collection":[{"href":"https:\/\/electriciencourbevoie.fr\/index.php?rest_route=\/wp\/v2\/pages"}],"about":[{"href":"https:\/\/electriciencourbevoie.fr\/index.php?rest_route=\/wp\/v2\/types\/page"}],"author":[{"embeddable":true,"href":"https:\/\/electriciencourbevoie.fr\/index.php?rest_route=\/wp\/v2\/users\/2"}],"replies":[{"embeddable":true,"href":"https:\/\/electriciencourbevoie.fr\/index.php?rest_route=%2Fwp%2Fv2%2Fcomments&post=133"}],"version-history":[{"count":0,"href":"https:\/\/electriciencourbevoie.fr\/index.php?rest_route=\/wp\/v2\/pages\/133\/revisions"}],"wp:attachment":[{"href":"https:\/\/electriciencourbevoie.fr\/index.php?rest_route=%2Fwp%2Fv2%2Fmedia&parent=133"}],"curies":[{"name":"wp","href":"https:\/\/api.w.org\/{rel}","templated":true}]}}