{"id":118,"date":"2020-06-13T19:35:40","date_gmt":"2020-06-13T19:35:40","guid":{"rendered":"https:\/\/electriciencourbevoie.fr\/?page_id=118"},"modified":"2020-06-23T08:28:19","modified_gmt":"2020-06-23T08:28:19","slug":"depannage-electrique","status":"publish","type":"page","link":"https:\/\/electriciencourbevoie.fr\/?page_id=118","title":{"rendered":"D\u00e9pannage \u00e9lectrique"},"content":{"rendered":"<div id='av_section_1'  class='avia-section main_color avia-section-huge avia-no-border-styling  avia-full-stretch avia-bg-style-scroll  avia-builder-el-0  el_before_av_section  avia-builder-el-first   container_wrap sidebar_right' style='background-repeat: no-repeat; background-image: url(https:\/\/electriciencourbevoie.fr\/wp-content\/uploads\/2020\/06\/jtm-services-banner.jpg);background-attachment: scroll; background-position: center center;  '  data-section-bg-repeat='stretch'><div class='container' ><main  role=\"main\" itemprop=\"mainContentOfPage\"  class='template-page content  av-content-small alpha units'><div class='post-entry post-entry-type-page post-entry-118'><div class='entry-content-wrapper clearfix'>\n<div class=\"flex_column av_one_full  flex_column_div av-zero-column-padding first  avia-builder-el-1  avia-builder-el-no-sibling  \" style='border-radius:0px; '><div  style='padding-bottom:10px; margin-top:24px; color:#ffffff;font-size:48px;' class='av-special-heading av-special-heading-h1 custom-color-heading blockquote modern-quote  avia-builder-el-2  avia-builder-el-no-sibling  title_top av-inherit-size '><h1 class='av-special-heading-tag  av-medium-font-size-overwrite av-medium-font-size-44 av-small-font-size-overwrite av-small-font-size-38 av-mini-font-size-overwrite av-mini-font-size-34'  itemprop=\"headline\"  >Nos services en d\u00e9pannage \u00e9lectrique<\/h1><div class='special-heading-border'><div class='special-heading-inner-border' style='border-color:#ffffff'><\/div><\/div><\/div><\/div>\n\n<\/div><\/div><\/main><!-- close content main element --><\/div><\/div><div id='av_section_2'  class='avia-section main_color avia-section-large avia-no-border-styling  avia-bg-style-scroll  avia-builder-el-3  el_after_av_section  avia-builder-el-last  choose_section  container_wrap sidebar_right' style=' '  ><div class='container' ><div class='template-page content  av-content-small alpha units'><div class='post-entry post-entry-type-page post-entry-118'><div class='entry-content-wrapper clearfix'>\n<div class='flex_column_table av-equal-height-column-flextable -flextable' ><div class=\"flex_column av_two_fifth  flex_column_table_cell av-equal-height-column av-align-top av-zero-column-padding first  avia-builder-el-4  el_before_av_three_fifth  avia-builder-el-first  \" style='border-radius:0px; '><p><section class=\"av_textblock_section \"  itemscope=\"itemscope\" itemtype=\"https:\/\/schema.org\/CreativeWork\" ><div class='avia_textblock  '   itemprop=\"text\" ><p><strong><a href=\"https:\/\/electriciencourbevoie.fr\/\">\u00c9lectricien Courbevoie<\/a><\/strong><\/p>\n<\/div><\/section><br \/>\n<div  style='padding-bottom:10px; margin-top:24px; color:#0a0a0a;font-size:21px;' class='av-special-heading av-special-heading-h2 custom-color-heading blockquote modern-quote  avia-builder-el-6  el_after_av_textblock  avia-builder-el-last  title_top av-inherit-size '><h2 class='av-special-heading-tag  av-medium-font-size-overwrite av-medium-font-size-44 av-small-font-size-overwrite av-small-font-size-38 av-mini-font-size-overwrite av-mini-font-size-34'  itemprop=\"headline\"  >Vous avez surement remarqu\u00e9 qu\u2019avant de commencer un chantier, notre \u00e9quipe vous fait part d\u2019un devis. Dans cette pratique, l\u2019objectif revient \u00e0 faire connaitre au propri\u00e9taire le co\u00fbt du d\u00e9pannage, les travaux \u00e0 faire et le temps n\u00e9cessaire \u00e0 sa r\u00e9alisation. \u00c0 partir de ce document, le client se rendra compte de la modification \u00e0 faire et de tous les d\u00e9tails li\u00e9s \u00e0 son chantier. <\/h2><div class='special-heading-border'><div class='special-heading-inner-border' style='border-color:#0a0a0a'><\/div><\/div><\/div><\/p><\/div><div class='av-flex-placeholder'><\/div><div class=\"flex_column av_three_fifth  flex_column_table_cell av-equal-height-column av-align-top av-zero-column-padding   avia-builder-el-7  el_after_av_two_fifth  el_before_av_hr  \" style='border-radius:0px; '><div  class='avia-image-container  av-styling-    avia-builder-el-8  avia-builder-el-no-sibling  avia-align-center '  itemprop=\"image\" itemscope=\"itemscope\" itemtype=\"https:\/\/schema.org\/ImageObject\"  ><div class='avia-image-container-inner'><div class='avia-image-overlay-wrap'><img class='avia_image' src='https:\/\/electriciencourbevoie.fr\/wp-content\/uploads\/2020\/06\/electricien_montrouge_depannage.jpg' alt='' title='electricien_courbevoie_depannage' height=\"410\" width=\"626\"  itemprop=\"thumbnailUrl\"  \/><\/div><\/div><\/div><\/div><\/div><!--close column table wrapper. Autoclose: 1 --><div   class='hr hr-default   avia-builder-el-9  el_after_av_three_fifth  el_before_av_textblock '><span class='hr-inner ' ><span class='hr-inner-style'><\/span><\/span><\/div>\n<section class=\"av_textblock_section \"  itemscope=\"itemscope\" itemtype=\"https:\/\/schema.org\/CreativeWork\" ><div class='avia_textblock  '   itemprop=\"text\" ><p style=\"text-align: justify;\">Que vous habitiez \u00e0 Faubourg de l\u2019Arche ou \u00e0 Gambetta, nous vous proposons un devis \u00e0 chaque intervention. \u00c9diter ce document reste pour notre soci\u00e9t\u00e9 la mani\u00e8re de faire notre travail selon les normes exig\u00e9es par la loi. La l\u00e9gislation nationale incite en effet que tous travaux n\u00e9cessitent l\u2019\u00e9dition d\u2019un devis. Pour que la loi soit applicable, le co\u00fbt des travaux doit \u00eatre sup\u00e9rieur \u00e0 150\u00a0euros TTC. Toutefois, cette l\u00e9gislation ne s\u2019applique que pour les secteurs du b\u00e2timent et de l\u2019\u00e9lectricit\u00e9.<\/p>\n<p style=\"text-align: justify;\">Les habitants de B\u00e9con et de Gambetta b\u00e9n\u00e9ficient gratuitement d\u2019un devis renfermant tous les d\u00e9tails permettant de se rendre compte de tous les travaux. De par sa gratuit\u00e9, vous pouvez demander plusieurs avis pour mieux comprendre votre chantier et minimiser le co\u00fbt de l\u2019intervention. Pour ce faire, il suffit simplement de faire la comparaison des prix. Vous pouvez b\u00e9n\u00e9ficier d\u2019une remise allant jusqu\u2019\u00e0 20\u00a0% si vous proc\u00e9dez aux comparaisons de ces diff\u00e9rentes.<\/p>\n<h2 style=\"text-align: left;\">Pourquoi faire des travaux \u00e9lectriques\u2009?<\/h2>\n<p style=\"text-align: justify;\">Comme l\u2019\u00e9lectricit\u00e9 est la base du fonctionnement de tous les appareils au quotidien, une moindre coupure de courant peut transformer notre journ\u00e9e. Qu\u2019il s\u2019agisse d\u2019une panne de g\u00e9n\u00e9rateur, d\u2019une nouvelle installation ou encore un dysfonctionnement du g\u00e9n\u00e9rateur, et du syst\u00e8me de branchement, tout type de panne cause des inconforts. Afin d\u2019\u00e9viter ce d\u00e9sagr\u00e9ment, il suffit de faire des travaux \u00e9lectriques d\u00e8s que l\u2019une des installations porte un signe de d\u00e9faillance.<\/p>\n<p style=\"text-align: justify;\">En dehors des probl\u00e8mes d\u2019installation, il existe d\u2019autres raisons pouvant inciter \u00e0 faire des travaux. Il peut s\u2019agir de la r\u00e9novation du syst\u00e8me de branchement d\u2019un vieux b\u00e2timent ou de sa remise en norme, nous sommes \u00e0 m\u00eame de fournir un service de qualit\u00e9. Afin de respecter cette conformit\u00e9 \u00e0 la loi, nous proc\u00e9dons au remplacement de tous les mat\u00e9riels d\u00e9fectueux par un nouvel \u00e9quipement certifi\u00e9 NF C\u00a015-100. Par ailleurs, la l\u00e9gislation exige que tout b\u00e2timent doive disposer d\u2019une installation \u00e9lectrique s\u00e9curitaire. Les travaux constituent l\u2019unique r\u00e9solution permettant d\u2019y arriver.<\/p>\n<p style=\"text-align: justify;\">Apr\u00e8s avoir acquis un nouvel appareil \u00e9lectrom\u00e9nager, vous vous rendez compte qu\u2019il manque un raccordement. Les travaux \u00e9lectriques existent pour vous aider \u00e0 mieux vivre au quotidien. En effet, un \u00e9lectricien est \u00e0 m\u00eame de s\u2019occuper de votre branchement suppl\u00e9mentaire et de la pose d\u2019une prise suppl\u00e9mentaire. Lors de notre intervention \u00e0 C\u0153ur de Ville, nous nous engageons \u00e0 respecter votre propri\u00e9t\u00e9 et d\u2019offrir un travail r\u00e9pondant \u00e0 vos attentes.<\/p>\n<\/div><\/section>\n<\/div><\/div><\/div><!-- close content main div --><\/div><\/div><div id='after_section_2'  class='main_color av_default_container_wrap container_wrap sidebar_right' style=' '  ><div class='container' ><div class='template-page content  av-content-small alpha units'><div class='post-entry post-entry-type-page post-entry-118'><div class='entry-content-wrapper clearfix'>\n","protected":false},"excerpt":{"rendered":"","protected":false},"author":2,"featured_media":0,"parent":0,"menu_order":0,"comment_status":"closed","ping_status":"closed","template":"","meta":{"footnotes":""},"class_list":["post-118","page","type-page","status-publish","hentry"],"yoast_head":"<!-- This site is optimized with the Yoast SEO plugin v16.4 - https:\/\/yoast.com\/wordpress\/plugins\/seo\/ -->\n<title>D\u00e9pannage \u00e9lectrique \u00e0 Courbevoie - Arti Pro \u00c9lectricit\u00e9 - 01 40 50 26 26<\/title>\n<meta name=\"description\" content=\"Vous avez surement remarqu\u00e9 qu\u2019avant de commencer un chantier, notre \u00e9quipe vous fait part d\u2019un devis. Dans cette pratique, l\u2019objectif revient \u00e0 faire connaitre au propri\u00e9taire le co\u00fbt du d\u00e9pannage, les travaux \u00e0 faire et le temps n\u00e9cessaire \u00e0 sa r\u00e9alisation. \u00c0 partir de ce document, le client se rendra compte de la modification \u00e0 faire et de tous les d\u00e9tails li\u00e9s \u00e0 son chantier.\" \/>\n<meta name=\"robots\" content=\"index, follow, max-snippet:-1, max-image-preview:large, max-video-preview:-1\" \/>\n<link rel=\"canonical\" href=\"https:\/\/electriciencourbevoie.fr\/?page_id=118\" \/>\n<meta property=\"og:locale\" content=\"fr_FR\" \/>\n<meta property=\"og:type\" content=\"article\" \/>\n<meta property=\"og:title\" content=\"D\u00e9pannage \u00e9lectrique \u00e0 Courbevoie - Arti Pro \u00c9lectricit\u00e9 - 01 40 50 26 26\" \/>\n<meta property=\"og:description\" content=\"Vous avez surement remarqu\u00e9 qu\u2019avant de commencer un chantier, notre \u00e9quipe vous fait part d\u2019un devis. Dans cette pratique, l\u2019objectif revient \u00e0 faire connaitre au propri\u00e9taire le co\u00fbt du d\u00e9pannage, les travaux \u00e0 faire et le temps n\u00e9cessaire \u00e0 sa r\u00e9alisation. \u00c0 partir de ce document, le client se rendra compte de la modification \u00e0 faire et de tous les d\u00e9tails li\u00e9s \u00e0 son chantier.\" \/>\n<meta property=\"og:url\" content=\"https:\/\/electriciencourbevoie.fr\/?page_id=118\" \/>\n<meta property=\"og:site_name\" content=\"Electricien Courbevoie\" \/>\n<meta property=\"article:modified_time\" content=\"2020-06-23T08:28:19+00:00\" \/>\n<meta name=\"twitter:card\" content=\"summary_large_image\" \/>\n<meta name=\"twitter:label1\" content=\"Dur\u00e9e de lecture est.\" \/>\n\t<meta name=\"twitter:data1\" content=\"8 minutes\" \/>\n<script type=\"application\/ld+json\" class=\"yoast-schema-graph\">{\"@context\":\"https:\/\/schema.org\",\"@graph\":[{\"@type\":\"WebSite\",\"@id\":\"https:\/\/electriciencourbevoie.fr\/#website\",\"url\":\"https:\/\/electriciencourbevoie.fr\/\",\"name\":\"Electricien Courbevoie\",\"description\":\"Arti Pro\",\"potentialAction\":[{\"@type\":\"SearchAction\",\"target\":\"https:\/\/electriciencourbevoie.fr\/?s={search_term_string}\",\"query-input\":\"required name=search_term_string\"}],\"inLanguage\":\"fr-FR\"},{\"@type\":\"WebPage\",\"@id\":\"https:\/\/electriciencourbevoie.fr\/?page_id=118#webpage\",\"url\":\"https:\/\/electriciencourbevoie.fr\/?page_id=118\",\"name\":\"D\\u00e9pannage \\u00e9lectrique \\u00e0 Courbevoie - Arti Pro \\u00c9lectricit\\u00e9 - 01 40 50 26 26\",\"isPartOf\":{\"@id\":\"https:\/\/electriciencourbevoie.fr\/#website\"},\"datePublished\":\"2020-06-13T19:35:40+00:00\",\"dateModified\":\"2020-06-23T08:28:19+00:00\",\"description\":\"Vous avez surement remarqu\\u00e9 qu\\u2019avant de commencer un chantier, notre \\u00e9quipe vous fait part d\\u2019un devis. Dans cette pratique, l\\u2019objectif revient \\u00e0 faire connaitre au propri\\u00e9taire le co\\u00fbt du d\\u00e9pannage, les travaux \\u00e0 faire et le temps n\\u00e9cessaire \\u00e0 sa r\\u00e9alisation. \\u00c0 partir de ce document, le client se rendra compte de la modification \\u00e0 faire et de tous les d\\u00e9tails li\\u00e9s \\u00e0 son chantier.\",\"breadcrumb\":{\"@id\":\"https:\/\/electriciencourbevoie.fr\/?page_id=118#breadcrumb\"},\"inLanguage\":\"fr-FR\",\"potentialAction\":[{\"@type\":\"ReadAction\",\"target\":[\"https:\/\/electriciencourbevoie.fr\/?page_id=118\"]}]},{\"@type\":\"BreadcrumbList\",\"@id\":\"https:\/\/electriciencourbevoie.fr\/?page_id=118#breadcrumb\",\"itemListElement\":[{\"@type\":\"ListItem\",\"position\":1,\"item\":{\"@type\":\"WebPage\",\"@id\":\"https:\/\/electriciencourbevoie.fr\/?page_id=19\",\"url\":\"https:\/\/electriciencourbevoie.fr\/?page_id=19\",\"name\":\"Accueil\"}},{\"@type\":\"ListItem\",\"position\":2,\"item\":{\"@id\":\"https:\/\/electriciencourbevoie.fr\/?page_id=118#webpage\"}}]}]}<\/script>\n<!-- \/ Yoast SEO plugin. -->","amp_enabled":true,"_links":{"self":[{"href":"https:\/\/electriciencourbevoie.fr\/index.php?rest_route=\/wp\/v2\/pages\/118","targetHints":{"allow":["GET"]}}],"collection":[{"href":"https:\/\/electriciencourbevoie.fr\/index.php?rest_route=\/wp\/v2\/pages"}],"about":[{"href":"https:\/\/electriciencourbevoie.fr\/index.php?rest_route=\/wp\/v2\/types\/page"}],"author":[{"embeddable":true,"href":"https:\/\/electriciencourbevoie.fr\/index.php?rest_route=\/wp\/v2\/users\/2"}],"replies":[{"embeddable":true,"href":"https:\/\/electriciencourbevoie.fr\/index.php?rest_route=%2Fwp%2Fv2%2Fcomments&post=118"}],"version-history":[{"count":0,"href":"https:\/\/electriciencourbevoie.fr\/index.php?rest_route=\/wp\/v2\/pages\/118\/revisions"}],"wp:attachment":[{"href":"https:\/\/electriciencourbevoie.fr\/index.php?rest_route=%2Fwp%2Fv2%2Fmedia&parent=118"}],"curies":[{"name":"wp","href":"https:\/\/api.w.org\/{rel}","templated":true}]}}